{"id":920,"date":"2024-04-08T21:51:53","date_gmt":"2024-04-08T21:51:53","guid":{"rendered":"https:\/\/www.crazyhoney.net\/?post_type=product&#038;p=920"},"modified":"2026-01-02T15:16:15","modified_gmt":"2026-01-02T15:16:15","slug":"lady-honey","status":"publish","type":"product","link":"https:\/\/www.crazyhoney.net\/en\/product\/lady-honey\/","title":{"rendered":"La Vie en Rose"},"content":{"rendered":"<p data-start=\"125\" data-end=\"213\"><strong data-start=\"125\" data-end=\"211\">Avec Pollen d\u2019Abeille, Gel\u00e9e Royale et Herbes M\u00e9lang\u00e9es<\/strong><\/p>\n<p data-start=\"215\" data-end=\"484\">Notre miel puissant et naturel contient des vitamines essentielles qui peuvent aider \u00e0 stimuler les gonades et les ovaires. C\u2019est un aphrodisiaque naturel et un stimulant de la libido. Il peut \u00e9galement contribuer \u00e0 am\u00e9liorer la vitalit\u00e9 et \u00e0 augmenter votre \u00e9nergie.<\/p>\n<p data-start=\"486\" data-end=\"676\">Le Miel de Rose pour Femmes est fabriqu\u00e9 \u00e0 partir d\u2019ingr\u00e9dients 100\u202f% purs et naturels, r\u00e9pondant aux plus hauts standards de qualit\u00e9. Il est reconnu pour renforcer le syst\u00e8me immunitaire.<\/p>\n<p data-start=\"678\" data-end=\"695\"><strong data-start=\"678\" data-end=\"693\">Benefits :<\/strong><\/p>\n<ul data-start=\"696\" data-end=\"1096\">\n<li data-start=\"696\" data-end=\"738\">\n<p data-start=\"698\" data-end=\"738\">Maintien de la forme physique g\u00e9n\u00e9rale<\/p>\n<\/li>\n<li data-start=\"739\" data-end=\"787\">\n<p data-start=\"741\" data-end=\"787\">Aide \u00e0 retarder les signes du vieillissement<\/p>\n<\/li>\n<li data-start=\"788\" data-end=\"848\">\n<p data-start=\"790\" data-end=\"848\">Am\u00e9lioration de la vitalit\u00e9 et augmentation de l\u2019\u00e9nergie<\/p>\n<\/li>\n<li data-start=\"849\" data-end=\"889\">\n<p data-start=\"851\" data-end=\"889\">Contribue \u00e0 l\u2019activation des ovaires<\/p>\n<\/li>\n<li data-start=\"890\" data-end=\"938\">\n<p data-start=\"892\" data-end=\"938\">R\u00e9duction des effets des troubles menstruels<\/p>\n<\/li>\n<li data-start=\"939\" data-end=\"1000\">\n<p data-start=\"941\" data-end=\"1000\">Acc\u00e9l\u00e9ration du m\u00e9tabolisme, favorisant la perte de poids<\/p>\n<\/li>\n<li data-start=\"1001\" data-end=\"1044\">\n<p data-start=\"1003\" data-end=\"1044\">R\u00e9duction des sympt\u00f4mes de la m\u00e9nopause<\/p>\n<\/li>\n<li data-start=\"1045\" data-end=\"1096\">\n<p data-start=\"1047\" data-end=\"1096\">Aphrodisiaque naturel et stimulant de la libido<\/p>\n<\/li>\n<\/ul>","protected":false},"excerpt":{"rendered":"<p>12 sachets (10 g) \/ boite<\/p>\n<p>&nbsp;<\/p>\n<p data-start=\"125\" data-end=\"213\"><strong data-start=\"125\" data-end=\"211\">Avec Pollen d\u2019Abeille, Gel\u00e9e Royale et Herbes M\u00e9lang\u00e9es<\/strong><\/p>\n<p data-start=\"215\" data-end=\"484\">Notre miel puissant et naturel contient des vitamines essentielles qui peuvent aider \u00e0 stimuler les gonades et les ovaires. C\u2019est un aphrodisiaque naturel et un stimulant de la libido. Il peut \u00e9galement contribuer \u00e0 am\u00e9liorer la vitalit\u00e9 et \u00e0 augmenter votre \u00e9nergie.<\/p>\n<p data-start=\"486\" data-end=\"676\">Le Miel de Rose pour Femmes est fabriqu\u00e9 \u00e0 partir d\u2019ingr\u00e9dients 100\u202f% purs et naturels, r\u00e9pondant aux plus hauts standards de qualit\u00e9. Il est reconnu pour renforcer le syst\u00e8me immunitaire.<\/p>","protected":false},"featured_media":1610,"comment_status":"open","ping_status":"closed","template":"","meta":[],"product_brand":[],"product_cat":[16],"product_tag":[],"class_list":{"0":"post-920","1":"product","2":"type-product","3":"status-publish","4":"has-post-thumbnail","6":"product_cat-non-classe","8":"first","9":"instock","10":"sale","11":"shipping-taxable","12":"purchasable","13":"product-type-simple"},"yoast_head":"<!-- This site is optimized with the Yoast SEO plugin v27.4 - https:\/\/yoast.com\/product\/yoast-seo-wordpress\/ -->\n<title>La Vie en Rose - Crazy Honey<\/title>\n<meta name=\"robots\" content=\"index, follow, max-snippet:-1, max-image-preview:large, max-video-preview:-1\" \/>\n<link rel=\"canonical\" href=\"https:\/\/www.crazyhoney.net\/en\/produit\/lady-honey\/\" \/>\n<meta property=\"og:locale\" content=\"en_US\" \/>\n<meta property=\"og:type\" content=\"article\" \/>\n<meta property=\"og:title\" content=\"La Vie en Rose - Crazy Honey\" \/>\n<meta property=\"og:description\" content=\"12 sachets (10 g) \/ boite  &nbsp; Avec Pollen d\u2019Abeille, Gel\u00e9e Royale et Herbes M\u00e9lang\u00e9es Notre miel puissant et naturel contient des vitamines essentielles qui peuvent aider \u00e0 stimuler les gonades et les ovaires. C\u2019est un aphrodisiaque naturel et un stimulant de la libido. Il peut \u00e9galement contribuer \u00e0 am\u00e9liorer la vitalit\u00e9 et \u00e0 augmenter votre \u00e9nergie. Le Miel de Rose pour Femmes est fabriqu\u00e9 \u00e0 partir d\u2019ingr\u00e9dients 100\u202f% purs et naturels, r\u00e9pondant aux plus hauts standards de qualit\u00e9. Il est reconnu pour renforcer le syst\u00e8me immunitaire.\" \/>\n<meta property=\"og:url\" content=\"https:\/\/www.crazyhoney.net\/en\/produit\/lady-honey\/\" \/>\n<meta property=\"og:site_name\" content=\"Crazy Honey\" \/>\n<meta property=\"article:modified_time\" content=\"2026-01-02T15:16:15+00:00\" \/>\n<meta property=\"og:image\" content=\"https:\/\/www.crazyhoney.net\/wp-content\/uploads\/2024\/04\/website-powerking-4.png\" \/>\n\t<meta property=\"og:image:width\" content=\"1080\" \/>\n\t<meta property=\"og:image:height\" content=\"1350\" \/>\n\t<meta property=\"og:image:type\" content=\"image\/png\" \/>\n<meta name=\"twitter:card\" content=\"summary_large_image\" \/>\n<meta name=\"twitter:label1\" content=\"Est. reading time\" \/>\n\t<meta name=\"twitter:data1\" content=\"1 minute\" \/>\n<script type=\"application\/ld+json\" class=\"yoast-schema-graph\">{\"@context\":\"https:\\\/\\\/schema.org\",\"@graph\":[{\"@type\":\"WebPage\",\"@id\":\"https:\\\/\\\/www.crazyhoney.net\\\/produit\\\/lady-honey\\\/\",\"url\":\"https:\\\/\\\/www.crazyhoney.net\\\/produit\\\/lady-honey\\\/\",\"name\":\"La Vie en Rose - Crazy Honey\",\"isPartOf\":{\"@id\":\"https:\\\/\\\/www.crazyhoney.net\\\/#website\"},\"primaryImageOfPage\":{\"@id\":\"https:\\\/\\\/www.crazyhoney.net\\\/produit\\\/lady-honey\\\/#primaryimage\"},\"image\":{\"@id\":\"https:\\\/\\\/www.crazyhoney.net\\\/produit\\\/lady-honey\\\/#primaryimage\"},\"thumbnailUrl\":\"https:\\\/\\\/www.crazyhoney.net\\\/wp-content\\\/uploads\\\/2024\\\/04\\\/website-powerking-4.png\",\"datePublished\":\"2024-04-08T21:51:53+00:00\",\"dateModified\":\"2026-01-02T15:16:15+00:00\",\"breadcrumb\":{\"@id\":\"https:\\\/\\\/www.crazyhoney.net\\\/produit\\\/lady-honey\\\/#breadcrumb\"},\"inLanguage\":\"en-US\",\"potentialAction\":[{\"@type\":\"ReadAction\",\"target\":[\"https:\\\/\\\/www.crazyhoney.net\\\/produit\\\/lady-honey\\\/\"]}]},{\"@type\":\"ImageObject\",\"inLanguage\":\"en-US\",\"@id\":\"https:\\\/\\\/www.crazyhoney.net\\\/produit\\\/lady-honey\\\/#primaryimage\",\"url\":\"https:\\\/\\\/www.crazyhoney.net\\\/wp-content\\\/uploads\\\/2024\\\/04\\\/website-powerking-4.png\",\"contentUrl\":\"https:\\\/\\\/www.crazyhoney.net\\\/wp-content\\\/uploads\\\/2024\\\/04\\\/website-powerking-4.png\",\"width\":1080,\"height\":1350},{\"@type\":\"BreadcrumbList\",\"@id\":\"https:\\\/\\\/www.crazyhoney.net\\\/produit\\\/lady-honey\\\/#breadcrumb\",\"itemListElement\":[{\"@type\":\"ListItem\",\"position\":1,\"name\":\"Accueil\",\"item\":\"https:\\\/\\\/www.crazyhoney.net\\\/\"},{\"@type\":\"ListItem\",\"position\":2,\"name\":\"Boutique\",\"item\":\"https:\\\/\\\/www.crazyhoney.net\\\/boutique\\\/\"},{\"@type\":\"ListItem\",\"position\":3,\"name\":\"La Vie en Rose\"}]},{\"@type\":\"WebSite\",\"@id\":\"https:\\\/\\\/www.crazyhoney.net\\\/#website\",\"url\":\"https:\\\/\\\/www.crazyhoney.net\\\/\",\"name\":\"Crazy Honey\",\"description\":\"Miel pure et aphrodisiaque de la Malaisie\",\"publisher\":{\"@id\":\"https:\\\/\\\/www.crazyhoney.net\\\/#organization\"},\"potentialAction\":[{\"@type\":\"SearchAction\",\"target\":{\"@type\":\"EntryPoint\",\"urlTemplate\":\"https:\\\/\\\/www.crazyhoney.net\\\/?s={search_term_string}\"},\"query-input\":{\"@type\":\"PropertyValueSpecification\",\"valueRequired\":true,\"valueName\":\"search_term_string\"}}],\"inLanguage\":\"en-US\"},{\"@type\":\"Organization\",\"@id\":\"https:\\\/\\\/www.crazyhoney.net\\\/#organization\",\"name\":\"Crazy Honey\",\"url\":\"https:\\\/\\\/www.crazyhoney.net\\\/\",\"logo\":{\"@type\":\"ImageObject\",\"inLanguage\":\"en-US\",\"@id\":\"https:\\\/\\\/www.crazyhoney.net\\\/#\\\/schema\\\/logo\\\/image\\\/\",\"url\":\"https:\\\/\\\/www.crazyhoney.net\\\/wp-content\\\/uploads\\\/2024\\\/01\\\/Artboard-2-copy@2x.png\",\"contentUrl\":\"https:\\\/\\\/www.crazyhoney.net\\\/wp-content\\\/uploads\\\/2024\\\/01\\\/Artboard-2-copy@2x.png\",\"width\":8001,\"height\":8000,\"caption\":\"Crazy Honey\"},\"image\":{\"@id\":\"https:\\\/\\\/www.crazyhoney.net\\\/#\\\/schema\\\/logo\\\/image\\\/\"}}]}<\/script>\n<!-- \/ Yoast SEO plugin. -->","yoast_head_json":{"title":"La Vie en Rose - Crazy Honey","robots":{"index":"index","follow":"follow","max-snippet":"max-snippet:-1","max-image-preview":"max-image-preview:large","max-video-preview":"max-video-preview:-1"},"canonical":"https:\/\/www.crazyhoney.net\/en\/produit\/lady-honey\/","og_locale":"en_US","og_type":"article","og_title":"La Vie en Rose - Crazy Honey","og_description":"12 sachets (10 g) \/ boite  &nbsp; Avec Pollen d\u2019Abeille, Gel\u00e9e Royale et Herbes M\u00e9lang\u00e9es Notre miel puissant et naturel contient des vitamines essentielles qui peuvent aider \u00e0 stimuler les gonades et les ovaires. C\u2019est un aphrodisiaque naturel et un stimulant de la libido. Il peut \u00e9galement contribuer \u00e0 am\u00e9liorer la vitalit\u00e9 et \u00e0 augmenter votre \u00e9nergie. Le Miel de Rose pour Femmes est fabriqu\u00e9 \u00e0 partir d\u2019ingr\u00e9dients 100\u202f% purs et naturels, r\u00e9pondant aux plus hauts standards de qualit\u00e9. Il est reconnu pour renforcer le syst\u00e8me immunitaire.","og_url":"https:\/\/www.crazyhoney.net\/en\/produit\/lady-honey\/","og_site_name":"Crazy Honey","article_modified_time":"2026-01-02T15:16:15+00:00","og_image":[{"width":1080,"height":1350,"url":"https:\/\/www.crazyhoney.net\/wp-content\/uploads\/2024\/04\/website-powerking-4.png","type":"image\/png"}],"twitter_card":"summary_large_image","twitter_misc":{"Est. reading time":"1 minute"},"schema":{"@context":"https:\/\/schema.org","@graph":[{"@type":"WebPage","@id":"https:\/\/www.crazyhoney.net\/produit\/lady-honey\/","url":"https:\/\/www.crazyhoney.net\/produit\/lady-honey\/","name":"La Vie en Rose - Crazy Honey","isPartOf":{"@id":"https:\/\/www.crazyhoney.net\/#website"},"primaryImageOfPage":{"@id":"https:\/\/www.crazyhoney.net\/produit\/lady-honey\/#primaryimage"},"image":{"@id":"https:\/\/www.crazyhoney.net\/produit\/lady-honey\/#primaryimage"},"thumbnailUrl":"https:\/\/www.crazyhoney.net\/wp-content\/uploads\/2024\/04\/website-powerking-4.png","datePublished":"2024-04-08T21:51:53+00:00","dateModified":"2026-01-02T15:16:15+00:00","breadcrumb":{"@id":"https:\/\/www.crazyhoney.net\/produit\/lady-honey\/#breadcrumb"},"inLanguage":"en-US","potentialAction":[{"@type":"ReadAction","target":["https:\/\/www.crazyhoney.net\/produit\/lady-honey\/"]}]},{"@type":"ImageObject","inLanguage":"en-US","@id":"https:\/\/www.crazyhoney.net\/produit\/lady-honey\/#primaryimage","url":"https:\/\/www.crazyhoney.net\/wp-content\/uploads\/2024\/04\/website-powerking-4.png","contentUrl":"https:\/\/www.crazyhoney.net\/wp-content\/uploads\/2024\/04\/website-powerking-4.png","width":1080,"height":1350},{"@type":"BreadcrumbList","@id":"https:\/\/www.crazyhoney.net\/produit\/lady-honey\/#breadcrumb","itemListElement":[{"@type":"ListItem","position":1,"name":"Accueil","item":"https:\/\/www.crazyhoney.net\/"},{"@type":"ListItem","position":2,"name":"Boutique","item":"https:\/\/www.crazyhoney.net\/boutique\/"},{"@type":"ListItem","position":3,"name":"La Vie en Rose"}]},{"@type":"WebSite","@id":"https:\/\/www.crazyhoney.net\/#website","url":"https:\/\/www.crazyhoney.net\/","name":"Crazy Honey","description":"Pure and aphrodisiac honey from Malaysia","publisher":{"@id":"https:\/\/www.crazyhoney.net\/#organization"},"potentialAction":[{"@type":"SearchAction","target":{"@type":"EntryPoint","urlTemplate":"https:\/\/www.crazyhoney.net\/?s={search_term_string}"},"query-input":{"@type":"PropertyValueSpecification","valueRequired":true,"valueName":"search_term_string"}}],"inLanguage":"en-US"},{"@type":"Organization","@id":"https:\/\/www.crazyhoney.net\/#organization","name":"Crazy Honey","url":"https:\/\/www.crazyhoney.net\/","logo":{"@type":"ImageObject","inLanguage":"en-US","@id":"https:\/\/www.crazyhoney.net\/#\/schema\/logo\/image\/","url":"https:\/\/www.crazyhoney.net\/wp-content\/uploads\/2024\/01\/Artboard-2-copy@2x.png","contentUrl":"https:\/\/www.crazyhoney.net\/wp-content\/uploads\/2024\/01\/Artboard-2-copy@2x.png","width":8001,"height":8000,"caption":"Crazy Honey"},"image":{"@id":"https:\/\/www.crazyhoney.net\/#\/schema\/logo\/image\/"}}]}},"_links":{"self":[{"href":"https:\/\/www.crazyhoney.net\/en\/wp-json\/wp\/v2\/product\/920","targetHints":{"allow":["GET"]}}],"collection":[{"href":"https:\/\/www.crazyhoney.net\/en\/wp-json\/wp\/v2\/product"}],"about":[{"href":"https:\/\/www.crazyhoney.net\/en\/wp-json\/wp\/v2\/types\/product"}],"replies":[{"embeddable":true,"href":"https:\/\/www.crazyhoney.net\/en\/wp-json\/wp\/v2\/comments?post=920"}],"wp:featuredmedia":[{"embeddable":true,"href":"https:\/\/www.crazyhoney.net\/en\/wp-json\/wp\/v2\/media\/1610"}],"wp:attachment":[{"href":"https:\/\/www.crazyhoney.net\/en\/wp-json\/wp\/v2\/media?parent=920"}],"wp:term":[{"taxonomy":"product_brand","embeddable":true,"href":"https:\/\/www.crazyhoney.net\/en\/wp-json\/wp\/v2\/product_brand?post=920"},{"taxonomy":"product_cat","embeddable":true,"href":"https:\/\/www.crazyhoney.net\/en\/wp-json\/wp\/v2\/product_cat?post=920"},{"taxonomy":"product_tag","embeddable":true,"href":"https:\/\/www.crazyhoney.net\/en\/wp-json\/wp\/v2\/product_tag?post=920"}],"curies":[{"name":"wp","href":"https:\/\/api.w.org\/{rel}","templated":true}]}}