{"id":609,"date":"2024-01-26T14:51:43","date_gmt":"2024-01-26T14:51:43","guid":{"rendered":"http:\/\/www.crazyhoney.net\/?post_type=product&#038;p=609"},"modified":"2024-05-05T13:34:09","modified_gmt":"2024-05-05T13:34:09","slug":"triple-power-honey","status":"publish","type":"product","link":"https:\/\/www.crazyhoney.net\/en\/product\/triple-power-honey\/","title":{"rendered":"TRIPLE POWER HONEY"},"content":{"rendered":"<p><strong>TRIPLE POWER HONEY <\/strong><\/p>\n<p>5 jours d&rsquo;effet r\u00e9actif (pour les marathoniens)<\/p>\n<p>Ce m\u00e9lange de miel est une grande source d&rsquo;\u00e9nergie pour un corps bien entra\u00een\u00e9. Il constitue un traitement efficace contre l&rsquo;impuissance sexuelle et l&rsquo;infertilit\u00e9 et est parfait pour renforcer le syst\u00e8me immunitaire.<\/p>\n<p>TONGKAT ALI, l&rsquo;ingr\u00e9dient principal, est con\u00e7u pour am\u00e9liorer la libido et l&rsquo;\u00e9nergie, restaurer l&rsquo;\u00e9quilibre hormonal (niveaux de cortisol\/testost\u00e9rone) et am\u00e9liorer \u00e0 la fois les performances athl\u00e9tiques et la perte de poids.<\/p>\n<div class=\"flex-1 overflow-hidden\">\n<div class=\"react-scroll-to-bottom--css-midwu-79elbk h-full\">\n<div class=\"react-scroll-to-bottom--css-midwu-1n7m0yu\">\n<div class=\"flex flex-col pb-9 text-sm\">\n<div class=\"w-full text-token-text-primary\" data-testid=\"conversation-turn-11\">\n<div class=\"px-4 py-2 justify-center text-base md:gap-6 m-auto\">\n<div class=\"flex flex-1 text-base mx-auto gap-3 md:px-5 lg:px-1 xl:px-5 md:max-w-3xl lg:max-w-[40rem] xl:max-w-[48rem] group final-completion\">\n<div class=\"relative flex w-full flex-col lg:w-[calc(100%-115px)] agent-turn\">\n<div class=\"flex-col gap-1 md:gap-3\">\n<div class=\"flex flex-grow flex-col max-w-full\">\n<div class=\"min-h-[20px] text-message flex flex-col items-start gap-3 whitespace-pre-wrap break-words [.text-message+&amp;]:mt-5 overflow-x-auto\" data-message-author-role=\"assistant\" data-message-id=\"bc25a7d4-d657-4349-bd38-3cf0c33f8784\">\n<div class=\"markdown prose w-full break-words dark:prose-invert light\">\n<p><strong>INGR\u00c9DIENTS :<\/strong><\/p>\n<p>94% de Miel Pur, 4% de Gel\u00e9e Royale, 2% de Poudre de Larve d&rsquo;Abeille M\u00e9lange de Plantes : Barycoma Longifolia, Radix Panax Ginseng, Tongkat Ali<\/p>\n<p><strong>BIENFAITS :<\/strong><\/p>\n<ul>\n<li>Stimule l&rsquo;\u00e9nergie sexuelle, le d\u00e9sir, la libido et la testost\u00e9rone<\/li>\n<li>Traite les probl\u00e8mes d&rsquo;\u00e9jaculation pr\u00e9coce<\/li>\n<li>R\u00e9duit l&rsquo;impuissance<\/li>\n<li>Renforce l&rsquo;\u00e9rection<\/li>\n<li>Favorise la fertilit\u00e9<\/li>\n<li>Am\u00e9liore la circulation sanguine<\/li>\n<li>Soutient le syst\u00e8me immunitaire et le m\u00e9tabolisme<button class=\"flex items-center gap-1.5 rounded-md p-1 text-xs hover:text-gray-950 dark:text-gray-400 dark:hover:text-gray-200 disabled:dark:hover:text-gray-400 md:invisible md:group-hover:visible md:group-[.final-completion]:visible\"><\/button><\/li>\n<\/ul>\n<p>Ceci n&rsquo;est pas un m\u00e9dicament mais un compl\u00e9ment alimentaire \u00e0 base de miel et de plantes naturelles.<\/p>\n<div class=\"flex flex-grow flex-col max-w-full\">\n<div class=\"min-h-[20px] text-message flex flex-col items-start gap-3 whitespace-pre-wrap break-words [.text-message+&amp;]:mt-5 overflow-x-auto\" data-message-author-role=\"assistant\" data-message-id=\"bc25a7d4-d657-4349-bd38-3cf0c33f8784\">\n<div class=\"markdown prose w-full break-words dark:prose-invert light\"><\/div>\n<\/div>\n<\/div>\n<div class=\"mt-1 flex justify-start gap-3 empty:hidden\">\n<div class=\"text-gray-400 flex self-end lg:self-center justify-center lg:justify-start mt-0 -ml-1 visible\"><\/div>\n<\/div>\n<\/div>\n<\/div>\n<\/div>\n<\/div>\n<\/div>\n<\/div>\n<\/div>\n<\/div>\n<\/div>\n<\/div>\n<\/div>\n<\/div>\n<div class=\"w-full pt-2 md:pt-0 dark:border-white\/20 md:border-transparent md:dark:border-transparent md:w-[calc(100%-.5rem)]\">\n<form class=\"stretch mx-2 flex flex-row gap-3 last:mb-2 md:mx-4 md:last:mb-6 lg:mx-auto lg:max-w-2xl xl:max-w-3xl\">\n<div class=\"relative flex h-full flex-1 items-stretch md:flex-col\">\n<div class=\"flex w-full items-center\"><\/div>\n<\/div>\n<\/form>\n<\/div>\n","protected":false},"excerpt":{"rendered":"<p><strong>TRIPLE POWER HONEY<\/strong><\/p>\n<p>10 Sachets \/ Box<\/p>\n<p>5-day reactive effect (for marathon runners)<\/p>\n<p>This honey blend is a great source of energy for a well-trained body. It is an effective treatment for sexual impotence and infertility, and is perfect for boosting the immune system.<\/p>","protected":false},"featured_media":749,"comment_status":"open","ping_status":"closed","template":"","meta":[],"product_brand":[],"product_cat":[16],"product_tag":[],"class_list":{"0":"post-609","1":"product","2":"type-product","3":"status-publish","4":"has-post-thumbnail","6":"product_cat-non-classe","8":"first","9":"instock","10":"sale","11":"shipping-taxable","12":"purchasable","13":"product-type-simple"},"yoast_head":"<!-- This site is optimized with the Yoast SEO plugin v27.4 - https:\/\/yoast.com\/product\/yoast-seo-wordpress\/ -->\n<title>TRIPLE POWER HONEY - Crazy Honey<\/title>\n<meta name=\"description\" content=\"Ce m\u00e9lange de miel est une grande source d&#039;\u00e9nergie pour un corps bien entra\u00een\u00e9. Il constitue un traitement efficace contre l&#039;impuissance sexuelle et l&#039;infertilit\u00e9 et est parfait pour renforcer le syst\u00e8me immunitaire.\" \/>\n<meta name=\"robots\" content=\"index, follow, max-snippet:-1, max-image-preview:large, max-video-preview:-1\" \/>\n<link rel=\"canonical\" href=\"https:\/\/www.crazyhoney.net\/en\/produit\/triple-power-honey\/\" \/>\n<meta property=\"og:locale\" content=\"en_US\" \/>\n<meta property=\"og:type\" content=\"article\" \/>\n<meta property=\"og:title\" content=\"TRIPLE POWER HONEY - Crazy Honey\" \/>\n<meta property=\"og:description\" content=\"Ce m\u00e9lange de miel est une grande source d&#039;\u00e9nergie pour un corps bien entra\u00een\u00e9. Il constitue un traitement efficace contre l&#039;impuissance sexuelle et l&#039;infertilit\u00e9 et est parfait pour renforcer le syst\u00e8me immunitaire.\" \/>\n<meta property=\"og:url\" content=\"https:\/\/www.crazyhoney.net\/en\/produit\/triple-power-honey\/\" \/>\n<meta property=\"og:site_name\" content=\"Crazy Honey\" \/>\n<meta property=\"article:modified_time\" content=\"2024-05-05T13:34:09+00:00\" \/>\n<meta property=\"og:image\" content=\"https:\/\/www.crazyhoney.net\/wp-content\/uploads\/2024\/02\/Untitled-design-9.png\" \/>\n\t<meta property=\"og:image:width\" content=\"1080\" \/>\n\t<meta property=\"og:image:height\" content=\"1080\" \/>\n\t<meta property=\"og:image:type\" content=\"image\/png\" \/>\n<meta name=\"twitter:card\" content=\"summary_large_image\" \/>\n<meta name=\"twitter:label1\" content=\"Est. reading time\" \/>\n\t<meta name=\"twitter:data1\" content=\"1 minute\" \/>\n<script type=\"application\/ld+json\" class=\"yoast-schema-graph\">{\"@context\":\"https:\\\/\\\/schema.org\",\"@graph\":[{\"@type\":\"WebPage\",\"@id\":\"https:\\\/\\\/www.crazyhoney.net\\\/produit\\\/triple-power-honey\\\/\",\"url\":\"https:\\\/\\\/www.crazyhoney.net\\\/produit\\\/triple-power-honey\\\/\",\"name\":\"TRIPLE POWER HONEY - Crazy Honey\",\"isPartOf\":{\"@id\":\"https:\\\/\\\/www.crazyhoney.net\\\/#website\"},\"primaryImageOfPage\":{\"@id\":\"https:\\\/\\\/www.crazyhoney.net\\\/produit\\\/triple-power-honey\\\/#primaryimage\"},\"image\":{\"@id\":\"https:\\\/\\\/www.crazyhoney.net\\\/produit\\\/triple-power-honey\\\/#primaryimage\"},\"thumbnailUrl\":\"https:\\\/\\\/www.crazyhoney.net\\\/wp-content\\\/uploads\\\/2024\\\/02\\\/Untitled-design-9.png\",\"datePublished\":\"2024-01-26T14:51:43+00:00\",\"dateModified\":\"2024-05-05T13:34:09+00:00\",\"description\":\"Ce m\u00e9lange de miel est une grande source d'\u00e9nergie pour un corps bien entra\u00een\u00e9. Il constitue un traitement efficace contre l'impuissance sexuelle et l'infertilit\u00e9 et est parfait pour renforcer le syst\u00e8me immunitaire.\",\"breadcrumb\":{\"@id\":\"https:\\\/\\\/www.crazyhoney.net\\\/produit\\\/triple-power-honey\\\/#breadcrumb\"},\"inLanguage\":\"en-US\",\"potentialAction\":[{\"@type\":\"ReadAction\",\"target\":[\"https:\\\/\\\/www.crazyhoney.net\\\/produit\\\/triple-power-honey\\\/\"]}]},{\"@type\":\"ImageObject\",\"inLanguage\":\"en-US\",\"@id\":\"https:\\\/\\\/www.crazyhoney.net\\\/produit\\\/triple-power-honey\\\/#primaryimage\",\"url\":\"https:\\\/\\\/www.crazyhoney.net\\\/wp-content\\\/uploads\\\/2024\\\/02\\\/Untitled-design-9.png\",\"contentUrl\":\"https:\\\/\\\/www.crazyhoney.net\\\/wp-content\\\/uploads\\\/2024\\\/02\\\/Untitled-design-9.png\",\"width\":1080,\"height\":1080},{\"@type\":\"BreadcrumbList\",\"@id\":\"https:\\\/\\\/www.crazyhoney.net\\\/produit\\\/triple-power-honey\\\/#breadcrumb\",\"itemListElement\":[{\"@type\":\"ListItem\",\"position\":1,\"name\":\"Accueil\",\"item\":\"https:\\\/\\\/www.crazyhoney.net\\\/\"},{\"@type\":\"ListItem\",\"position\":2,\"name\":\"Boutique\",\"item\":\"https:\\\/\\\/www.crazyhoney.net\\\/boutique\\\/\"},{\"@type\":\"ListItem\",\"position\":3,\"name\":\"TRIPLE POWER HONEY\"}]},{\"@type\":\"WebSite\",\"@id\":\"https:\\\/\\\/www.crazyhoney.net\\\/#website\",\"url\":\"https:\\\/\\\/www.crazyhoney.net\\\/\",\"name\":\"Crazy Honey\",\"description\":\"Miel pure et aphrodisiaque de la Malaisie\",\"publisher\":{\"@id\":\"https:\\\/\\\/www.crazyhoney.net\\\/#organization\"},\"potentialAction\":[{\"@type\":\"SearchAction\",\"target\":{\"@type\":\"EntryPoint\",\"urlTemplate\":\"https:\\\/\\\/www.crazyhoney.net\\\/?s={search_term_string}\"},\"query-input\":{\"@type\":\"PropertyValueSpecification\",\"valueRequired\":true,\"valueName\":\"search_term_string\"}}],\"inLanguage\":\"en-US\"},{\"@type\":\"Organization\",\"@id\":\"https:\\\/\\\/www.crazyhoney.net\\\/#organization\",\"name\":\"Crazy Honey\",\"url\":\"https:\\\/\\\/www.crazyhoney.net\\\/\",\"logo\":{\"@type\":\"ImageObject\",\"inLanguage\":\"en-US\",\"@id\":\"https:\\\/\\\/www.crazyhoney.net\\\/#\\\/schema\\\/logo\\\/image\\\/\",\"url\":\"https:\\\/\\\/www.crazyhoney.net\\\/wp-content\\\/uploads\\\/2024\\\/01\\\/Artboard-2-copy@2x.png\",\"contentUrl\":\"https:\\\/\\\/www.crazyhoney.net\\\/wp-content\\\/uploads\\\/2024\\\/01\\\/Artboard-2-copy@2x.png\",\"width\":8001,\"height\":8000,\"caption\":\"Crazy Honey\"},\"image\":{\"@id\":\"https:\\\/\\\/www.crazyhoney.net\\\/#\\\/schema\\\/logo\\\/image\\\/\"}}]}<\/script>\n<!-- \/ Yoast SEO plugin. -->","yoast_head_json":{"title":"TRIPLE POWER HONEY - Crazy Honey","description":"Ce m\u00e9lange de miel est une grande source d'\u00e9nergie pour un corps bien entra\u00een\u00e9. Il constitue un traitement efficace contre l'impuissance sexuelle et l'infertilit\u00e9 et est parfait pour renforcer le syst\u00e8me immunitaire.","robots":{"index":"index","follow":"follow","max-snippet":"max-snippet:-1","max-image-preview":"max-image-preview:large","max-video-preview":"max-video-preview:-1"},"canonical":"https:\/\/www.crazyhoney.net\/en\/produit\/triple-power-honey\/","og_locale":"en_US","og_type":"article","og_title":"TRIPLE POWER HONEY - Crazy Honey","og_description":"Ce m\u00e9lange de miel est une grande source d'\u00e9nergie pour un corps bien entra\u00een\u00e9. Il constitue un traitement efficace contre l'impuissance sexuelle et l'infertilit\u00e9 et est parfait pour renforcer le syst\u00e8me immunitaire.","og_url":"https:\/\/www.crazyhoney.net\/en\/produit\/triple-power-honey\/","og_site_name":"Crazy Honey","article_modified_time":"2024-05-05T13:34:09+00:00","og_image":[{"width":1080,"height":1080,"url":"https:\/\/www.crazyhoney.net\/wp-content\/uploads\/2024\/02\/Untitled-design-9.png","type":"image\/png"}],"twitter_card":"summary_large_image","twitter_misc":{"Est. reading time":"1 minute"},"schema":{"@context":"https:\/\/schema.org","@graph":[{"@type":"WebPage","@id":"https:\/\/www.crazyhoney.net\/produit\/triple-power-honey\/","url":"https:\/\/www.crazyhoney.net\/produit\/triple-power-honey\/","name":"TRIPLE POWER HONEY - Crazy Honey","isPartOf":{"@id":"https:\/\/www.crazyhoney.net\/#website"},"primaryImageOfPage":{"@id":"https:\/\/www.crazyhoney.net\/produit\/triple-power-honey\/#primaryimage"},"image":{"@id":"https:\/\/www.crazyhoney.net\/produit\/triple-power-honey\/#primaryimage"},"thumbnailUrl":"https:\/\/www.crazyhoney.net\/wp-content\/uploads\/2024\/02\/Untitled-design-9.png","datePublished":"2024-01-26T14:51:43+00:00","dateModified":"2024-05-05T13:34:09+00:00","description":"Ce m\u00e9lange de miel est une grande source d'\u00e9nergie pour un corps bien entra\u00een\u00e9. Il constitue un traitement efficace contre l'impuissance sexuelle et l'infertilit\u00e9 et est parfait pour renforcer le syst\u00e8me immunitaire.","breadcrumb":{"@id":"https:\/\/www.crazyhoney.net\/produit\/triple-power-honey\/#breadcrumb"},"inLanguage":"en-US","potentialAction":[{"@type":"ReadAction","target":["https:\/\/www.crazyhoney.net\/produit\/triple-power-honey\/"]}]},{"@type":"ImageObject","inLanguage":"en-US","@id":"https:\/\/www.crazyhoney.net\/produit\/triple-power-honey\/#primaryimage","url":"https:\/\/www.crazyhoney.net\/wp-content\/uploads\/2024\/02\/Untitled-design-9.png","contentUrl":"https:\/\/www.crazyhoney.net\/wp-content\/uploads\/2024\/02\/Untitled-design-9.png","width":1080,"height":1080},{"@type":"BreadcrumbList","@id":"https:\/\/www.crazyhoney.net\/produit\/triple-power-honey\/#breadcrumb","itemListElement":[{"@type":"ListItem","position":1,"name":"Accueil","item":"https:\/\/www.crazyhoney.net\/"},{"@type":"ListItem","position":2,"name":"Boutique","item":"https:\/\/www.crazyhoney.net\/boutique\/"},{"@type":"ListItem","position":3,"name":"TRIPLE POWER HONEY"}]},{"@type":"WebSite","@id":"https:\/\/www.crazyhoney.net\/#website","url":"https:\/\/www.crazyhoney.net\/","name":"Crazy Honey","description":"Pure and aphrodisiac honey from Malaysia","publisher":{"@id":"https:\/\/www.crazyhoney.net\/#organization"},"potentialAction":[{"@type":"SearchAction","target":{"@type":"EntryPoint","urlTemplate":"https:\/\/www.crazyhoney.net\/?s={search_term_string}"},"query-input":{"@type":"PropertyValueSpecification","valueRequired":true,"valueName":"search_term_string"}}],"inLanguage":"en-US"},{"@type":"Organization","@id":"https:\/\/www.crazyhoney.net\/#organization","name":"Crazy Honey","url":"https:\/\/www.crazyhoney.net\/","logo":{"@type":"ImageObject","inLanguage":"en-US","@id":"https:\/\/www.crazyhoney.net\/#\/schema\/logo\/image\/","url":"https:\/\/www.crazyhoney.net\/wp-content\/uploads\/2024\/01\/Artboard-2-copy@2x.png","contentUrl":"https:\/\/www.crazyhoney.net\/wp-content\/uploads\/2024\/01\/Artboard-2-copy@2x.png","width":8001,"height":8000,"caption":"Crazy Honey"},"image":{"@id":"https:\/\/www.crazyhoney.net\/#\/schema\/logo\/image\/"}}]}},"_links":{"self":[{"href":"https:\/\/www.crazyhoney.net\/en\/wp-json\/wp\/v2\/product\/609","targetHints":{"allow":["GET"]}}],"collection":[{"href":"https:\/\/www.crazyhoney.net\/en\/wp-json\/wp\/v2\/product"}],"about":[{"href":"https:\/\/www.crazyhoney.net\/en\/wp-json\/wp\/v2\/types\/product"}],"replies":[{"embeddable":true,"href":"https:\/\/www.crazyhoney.net\/en\/wp-json\/wp\/v2\/comments?post=609"}],"wp:featuredmedia":[{"embeddable":true,"href":"https:\/\/www.crazyhoney.net\/en\/wp-json\/wp\/v2\/media\/749"}],"wp:attachment":[{"href":"https:\/\/www.crazyhoney.net\/en\/wp-json\/wp\/v2\/media?parent=609"}],"wp:term":[{"taxonomy":"product_brand","embeddable":true,"href":"https:\/\/www.crazyhoney.net\/en\/wp-json\/wp\/v2\/product_brand?post=609"},{"taxonomy":"product_cat","embeddable":true,"href":"https:\/\/www.crazyhoney.net\/en\/wp-json\/wp\/v2\/product_cat?post=609"},{"taxonomy":"product_tag","embeddable":true,"href":"https:\/\/www.crazyhoney.net\/en\/wp-json\/wp\/v2\/product_tag?post=609"}],"curies":[{"name":"wp","href":"https:\/\/api.w.org\/{rel}","templated":true}]}}