{"id":568,"date":"2024-01-26T12:32:53","date_gmt":"2024-01-26T12:32:53","guid":{"rendered":"http:\/\/www.crazyhoney.net\/?post_type=product&#038;p=568"},"modified":"2026-01-08T14:04:54","modified_gmt":"2026-01-08T14:04:54","slug":"lucky-honey","status":"publish","type":"product","link":"https:\/\/www.crazyhoney.net\/en\/product\/lucky-honey\/","title":{"rendered":"LUCKY HONEY"},"content":{"rendered":"<p><strong>LUCKY HONEY<\/strong><\/p>\n<p>Long-lasting effect (for the most resistant)<\/p>\n<p>LUCKY HONEY is a natural stimulant and tonic based on date palm pollen, a blend of Malaysian rainforest herbs and royal jelly.<\/p>\n<p>Eurycoma longifolia is used for erectile dysfunction, male infertility, increasing sexual desire in healthy people and stimulating athletic performance.<\/p>\n<p><strong>INGReDIENTS :<\/strong> This product contains Pure Honey. Eurycoma Longifolia, Panax Ginseng. Bee larva powder.<\/p>\n<p><strong>BENEFITS :<\/strong><\/p>\n<ul>\n<li>Booste\u00a0 l&rsquo;\u00e9nergie sexuelle, le d\u00e9sir, la libido et la testost\u00e9rone<\/li>\n<li>Treats premature ejaculation problems<\/li>\n<li>Reduces impotence<\/li>\n<li>Enhances erection<\/li>\n<li>Promotes fertility<\/li>\n<li>Improves blood circulation<\/li>\n<li>Supports the immune system and metabolism<\/li>\n<\/ul>\n<p>This is not a medicine but a food supplement based on honey and natural plants<\/p>","protected":false},"excerpt":{"rendered":"<p><strong>LUCKY HONEY<\/strong><\/p>\n<p>24 sachets \/ box<\/p>\n<p>LUCKY HONEY is a natural stimulant and tonic based on date palm pollen, a blend of Malaysian rainforest herbs and royal jelly.<\/p>","protected":false},"featured_media":747,"comment_status":"open","ping_status":"closed","template":"","meta":[],"product_brand":[],"product_cat":[16],"product_tag":[],"class_list":{"0":"post-568","1":"product","2":"type-product","3":"status-publish","4":"has-post-thumbnail","6":"product_cat-non-classe","8":"first","9":"instock","10":"shipping-taxable","11":"purchasable","12":"product-type-simple"},"yoast_head":"<!-- This site is optimized with the Yoast SEO plugin v27.4 - https:\/\/yoast.com\/product\/yoast-seo-wordpress\/ -->\n<title>LUCKY HONEY - Crazy Honey<\/title>\n<meta name=\"description\" content=\"un stimulant et un fortifiant naturel \u00e0 base de pollen de palmier dattier, d&#039;un m\u00e9lange d&#039;herbes de la for\u00eat tropicale malaisienne et de gel\u00e9e royale.\" \/>\n<meta name=\"robots\" content=\"index, follow, max-snippet:-1, max-image-preview:large, max-video-preview:-1\" \/>\n<link rel=\"canonical\" href=\"https:\/\/www.crazyhoney.net\/en\/produit\/lucky-honey\/\" \/>\n<meta property=\"og:locale\" content=\"en_US\" \/>\n<meta property=\"og:type\" content=\"article\" \/>\n<meta property=\"og:title\" content=\"LUCKY HONEY - Crazy Honey\" \/>\n<meta property=\"og:description\" content=\"un stimulant et un fortifiant naturel \u00e0 base de pollen de palmier dattier, d&#039;un m\u00e9lange d&#039;herbes de la for\u00eat tropicale malaisienne et de gel\u00e9e royale.\" \/>\n<meta property=\"og:url\" content=\"https:\/\/www.crazyhoney.net\/en\/produit\/lucky-honey\/\" \/>\n<meta property=\"og:site_name\" content=\"Crazy Honey\" \/>\n<meta property=\"article:modified_time\" content=\"2026-01-08T14:04:54+00:00\" \/>\n<meta property=\"og:image\" content=\"https:\/\/www.crazyhoney.net\/wp-content\/uploads\/2024\/02\/Untitled-design-6.png\" \/>\n\t<meta property=\"og:image:width\" content=\"1080\" \/>\n\t<meta property=\"og:image:height\" content=\"1080\" \/>\n\t<meta property=\"og:image:type\" content=\"image\/png\" \/>\n<meta name=\"twitter:card\" content=\"summary_large_image\" \/>\n<meta name=\"twitter:label1\" content=\"Est. reading time\" \/>\n\t<meta name=\"twitter:data1\" content=\"1 minute\" \/>\n<script type=\"application\/ld+json\" class=\"yoast-schema-graph\">{\"@context\":\"https:\\\/\\\/schema.org\",\"@graph\":[{\"@type\":\"WebPage\",\"@id\":\"https:\\\/\\\/www.crazyhoney.net\\\/produit\\\/lucky-honey\\\/\",\"url\":\"https:\\\/\\\/www.crazyhoney.net\\\/produit\\\/lucky-honey\\\/\",\"name\":\"LUCKY HONEY - Crazy Honey\",\"isPartOf\":{\"@id\":\"https:\\\/\\\/www.crazyhoney.net\\\/#website\"},\"primaryImageOfPage\":{\"@id\":\"https:\\\/\\\/www.crazyhoney.net\\\/produit\\\/lucky-honey\\\/#primaryimage\"},\"image\":{\"@id\":\"https:\\\/\\\/www.crazyhoney.net\\\/produit\\\/lucky-honey\\\/#primaryimage\"},\"thumbnailUrl\":\"https:\\\/\\\/www.crazyhoney.net\\\/wp-content\\\/uploads\\\/2024\\\/02\\\/Untitled-design-6.png\",\"datePublished\":\"2024-01-26T12:32:53+00:00\",\"dateModified\":\"2026-01-08T14:04:54+00:00\",\"description\":\"un stimulant et un fortifiant naturel \u00e0 base de pollen de palmier dattier, d'un m\u00e9lange d'herbes de la for\u00eat tropicale malaisienne et de gel\u00e9e royale.\",\"breadcrumb\":{\"@id\":\"https:\\\/\\\/www.crazyhoney.net\\\/produit\\\/lucky-honey\\\/#breadcrumb\"},\"inLanguage\":\"en-US\",\"potentialAction\":[{\"@type\":\"ReadAction\",\"target\":[\"https:\\\/\\\/www.crazyhoney.net\\\/produit\\\/lucky-honey\\\/\"]}]},{\"@type\":\"ImageObject\",\"inLanguage\":\"en-US\",\"@id\":\"https:\\\/\\\/www.crazyhoney.net\\\/produit\\\/lucky-honey\\\/#primaryimage\",\"url\":\"https:\\\/\\\/www.crazyhoney.net\\\/wp-content\\\/uploads\\\/2024\\\/02\\\/Untitled-design-6.png\",\"contentUrl\":\"https:\\\/\\\/www.crazyhoney.net\\\/wp-content\\\/uploads\\\/2024\\\/02\\\/Untitled-design-6.png\",\"width\":1080,\"height\":1080},{\"@type\":\"BreadcrumbList\",\"@id\":\"https:\\\/\\\/www.crazyhoney.net\\\/produit\\\/lucky-honey\\\/#breadcrumb\",\"itemListElement\":[{\"@type\":\"ListItem\",\"position\":1,\"name\":\"Accueil\",\"item\":\"https:\\\/\\\/www.crazyhoney.net\\\/\"},{\"@type\":\"ListItem\",\"position\":2,\"name\":\"Boutique\",\"item\":\"https:\\\/\\\/www.crazyhoney.net\\\/boutique\\\/\"},{\"@type\":\"ListItem\",\"position\":3,\"name\":\"LUCKY HONEY\"}]},{\"@type\":\"WebSite\",\"@id\":\"https:\\\/\\\/www.crazyhoney.net\\\/#website\",\"url\":\"https:\\\/\\\/www.crazyhoney.net\\\/\",\"name\":\"Crazy Honey\",\"description\":\"Miel pure et aphrodisiaque de la Malaisie\",\"publisher\":{\"@id\":\"https:\\\/\\\/www.crazyhoney.net\\\/#organization\"},\"potentialAction\":[{\"@type\":\"SearchAction\",\"target\":{\"@type\":\"EntryPoint\",\"urlTemplate\":\"https:\\\/\\\/www.crazyhoney.net\\\/?s={search_term_string}\"},\"query-input\":{\"@type\":\"PropertyValueSpecification\",\"valueRequired\":true,\"valueName\":\"search_term_string\"}}],\"inLanguage\":\"en-US\"},{\"@type\":\"Organization\",\"@id\":\"https:\\\/\\\/www.crazyhoney.net\\\/#organization\",\"name\":\"Crazy Honey\",\"url\":\"https:\\\/\\\/www.crazyhoney.net\\\/\",\"logo\":{\"@type\":\"ImageObject\",\"inLanguage\":\"en-US\",\"@id\":\"https:\\\/\\\/www.crazyhoney.net\\\/#\\\/schema\\\/logo\\\/image\\\/\",\"url\":\"https:\\\/\\\/www.crazyhoney.net\\\/wp-content\\\/uploads\\\/2024\\\/01\\\/Artboard-2-copy@2x.png\",\"contentUrl\":\"https:\\\/\\\/www.crazyhoney.net\\\/wp-content\\\/uploads\\\/2024\\\/01\\\/Artboard-2-copy@2x.png\",\"width\":8001,\"height\":8000,\"caption\":\"Crazy Honey\"},\"image\":{\"@id\":\"https:\\\/\\\/www.crazyhoney.net\\\/#\\\/schema\\\/logo\\\/image\\\/\"}}]}<\/script>\n<!-- \/ Yoast SEO plugin. -->","yoast_head_json":{"title":"LUCKY HONEY - Crazy Honey","description":"un stimulant et un fortifiant naturel \u00e0 base de pollen de palmier dattier, d'un m\u00e9lange d'herbes de la for\u00eat tropicale malaisienne et de gel\u00e9e royale.","robots":{"index":"index","follow":"follow","max-snippet":"max-snippet:-1","max-image-preview":"max-image-preview:large","max-video-preview":"max-video-preview:-1"},"canonical":"https:\/\/www.crazyhoney.net\/en\/produit\/lucky-honey\/","og_locale":"en_US","og_type":"article","og_title":"LUCKY HONEY - Crazy Honey","og_description":"un stimulant et un fortifiant naturel \u00e0 base de pollen de palmier dattier, d'un m\u00e9lange d'herbes de la for\u00eat tropicale malaisienne et de gel\u00e9e royale.","og_url":"https:\/\/www.crazyhoney.net\/en\/produit\/lucky-honey\/","og_site_name":"Crazy Honey","article_modified_time":"2026-01-08T14:04:54+00:00","og_image":[{"width":1080,"height":1080,"url":"https:\/\/www.crazyhoney.net\/wp-content\/uploads\/2024\/02\/Untitled-design-6.png","type":"image\/png"}],"twitter_card":"summary_large_image","twitter_misc":{"Est. reading time":"1 minute"},"schema":{"@context":"https:\/\/schema.org","@graph":[{"@type":"WebPage","@id":"https:\/\/www.crazyhoney.net\/produit\/lucky-honey\/","url":"https:\/\/www.crazyhoney.net\/produit\/lucky-honey\/","name":"LUCKY HONEY - Crazy Honey","isPartOf":{"@id":"https:\/\/www.crazyhoney.net\/#website"},"primaryImageOfPage":{"@id":"https:\/\/www.crazyhoney.net\/produit\/lucky-honey\/#primaryimage"},"image":{"@id":"https:\/\/www.crazyhoney.net\/produit\/lucky-honey\/#primaryimage"},"thumbnailUrl":"https:\/\/www.crazyhoney.net\/wp-content\/uploads\/2024\/02\/Untitled-design-6.png","datePublished":"2024-01-26T12:32:53+00:00","dateModified":"2026-01-08T14:04:54+00:00","description":"un stimulant et un fortifiant naturel \u00e0 base de pollen de palmier dattier, d'un m\u00e9lange d'herbes de la for\u00eat tropicale malaisienne et de gel\u00e9e royale.","breadcrumb":{"@id":"https:\/\/www.crazyhoney.net\/produit\/lucky-honey\/#breadcrumb"},"inLanguage":"en-US","potentialAction":[{"@type":"ReadAction","target":["https:\/\/www.crazyhoney.net\/produit\/lucky-honey\/"]}]},{"@type":"ImageObject","inLanguage":"en-US","@id":"https:\/\/www.crazyhoney.net\/produit\/lucky-honey\/#primaryimage","url":"https:\/\/www.crazyhoney.net\/wp-content\/uploads\/2024\/02\/Untitled-design-6.png","contentUrl":"https:\/\/www.crazyhoney.net\/wp-content\/uploads\/2024\/02\/Untitled-design-6.png","width":1080,"height":1080},{"@type":"BreadcrumbList","@id":"https:\/\/www.crazyhoney.net\/produit\/lucky-honey\/#breadcrumb","itemListElement":[{"@type":"ListItem","position":1,"name":"Accueil","item":"https:\/\/www.crazyhoney.net\/"},{"@type":"ListItem","position":2,"name":"Boutique","item":"https:\/\/www.crazyhoney.net\/boutique\/"},{"@type":"ListItem","position":3,"name":"LUCKY HONEY"}]},{"@type":"WebSite","@id":"https:\/\/www.crazyhoney.net\/#website","url":"https:\/\/www.crazyhoney.net\/","name":"Crazy Honey","description":"Pure and aphrodisiac honey from Malaysia","publisher":{"@id":"https:\/\/www.crazyhoney.net\/#organization"},"potentialAction":[{"@type":"SearchAction","target":{"@type":"EntryPoint","urlTemplate":"https:\/\/www.crazyhoney.net\/?s={search_term_string}"},"query-input":{"@type":"PropertyValueSpecification","valueRequired":true,"valueName":"search_term_string"}}],"inLanguage":"en-US"},{"@type":"Organization","@id":"https:\/\/www.crazyhoney.net\/#organization","name":"Crazy Honey","url":"https:\/\/www.crazyhoney.net\/","logo":{"@type":"ImageObject","inLanguage":"en-US","@id":"https:\/\/www.crazyhoney.net\/#\/schema\/logo\/image\/","url":"https:\/\/www.crazyhoney.net\/wp-content\/uploads\/2024\/01\/Artboard-2-copy@2x.png","contentUrl":"https:\/\/www.crazyhoney.net\/wp-content\/uploads\/2024\/01\/Artboard-2-copy@2x.png","width":8001,"height":8000,"caption":"Crazy Honey"},"image":{"@id":"https:\/\/www.crazyhoney.net\/#\/schema\/logo\/image\/"}}]}},"_links":{"self":[{"href":"https:\/\/www.crazyhoney.net\/en\/wp-json\/wp\/v2\/product\/568","targetHints":{"allow":["GET"]}}],"collection":[{"href":"https:\/\/www.crazyhoney.net\/en\/wp-json\/wp\/v2\/product"}],"about":[{"href":"https:\/\/www.crazyhoney.net\/en\/wp-json\/wp\/v2\/types\/product"}],"replies":[{"embeddable":true,"href":"https:\/\/www.crazyhoney.net\/en\/wp-json\/wp\/v2\/comments?post=568"}],"wp:featuredmedia":[{"embeddable":true,"href":"https:\/\/www.crazyhoney.net\/en\/wp-json\/wp\/v2\/media\/747"}],"wp:attachment":[{"href":"https:\/\/www.crazyhoney.net\/en\/wp-json\/wp\/v2\/media?parent=568"}],"wp:term":[{"taxonomy":"product_brand","embeddable":true,"href":"https:\/\/www.crazyhoney.net\/en\/wp-json\/wp\/v2\/product_brand?post=568"},{"taxonomy":"product_cat","embeddable":true,"href":"https:\/\/www.crazyhoney.net\/en\/wp-json\/wp\/v2\/product_cat?post=568"},{"taxonomy":"product_tag","embeddable":true,"href":"https:\/\/www.crazyhoney.net\/en\/wp-json\/wp\/v2\/product_tag?post=568"}],"curies":[{"name":"wp","href":"https:\/\/api.w.org\/{rel}","templated":true}]}}